{"id":120,"date":"2026-02-09T12:42:23","date_gmt":"2026-02-09T12:42:23","guid":{"rendered":"https:\/\/www.conseil100t.fr\/?page_id=120"},"modified":"2026-02-13T12:04:16","modified_gmt":"2026-02-13T12:04:16","slug":"livres-cancer-travail-famille-et-prevention-conseil-100t","status":"publish","type":"page","link":"https:\/\/www.conseil100t.fr\/?page_id=120","title":{"rendered":"Mes livres"},"content":{"rendered":"\n<p><\/p>\n\n\n\n<p><\/p>\n\n\n\n<h2 class=\"wp-block-heading\">Mes livres<\/h2>\n\n\n\n<p><\/p>\n\n\n\n<div class=\"wp-block-columns has-ast-global-color-5-color has-midnight-gradient-background has-text-color has-background has-link-color wp-elements-ec5059e87cc8d627e79c519dc495c996 is-layout-flex wp-container-core-columns-is-layout-28f84493 wp-block-columns-is-layout-flex\">\n<div class=\"wp-block-column is-layout-flow wp-block-column-is-layout-flow\">\n<div class=\"wp-block-uagb-advanced-heading uagb-block-14b198ee\"><h2 class=\"uagb-heading-text\">MES LIVRES<\/h2><\/div>\n<\/div>\n<\/div>\n\n\n\n<p>Mon parcours de Patiente Experte m&rsquo;a conduite \u00e0 \u00e9crire pour tous les publics, avec trois intentions diff\u00e9rentes :<\/p>\n\n\n\n<p><strong>T\u00e9moigner<\/strong> : Un r\u00e9cit authentique sur la travers\u00e9e de la maladie et ses impacts sur la vie personnelle, familiale et professionnelle.<\/p>\n\n\n\n<p><strong>Dialoguer<\/strong> : Un support pour aider les parents \u00e0 annoncer la maladie aux enfants.<\/p>\n\n\n\n<p><strong>\u00c9duquer<\/strong> : Un conte ludique pour faire de la pr\u00e9vention sant\u00e9 (\u00e9pig\u00e9n\u00e9tique) d\u00e8s le plus jeune \u00e2ge.<\/p>\n\n\n\n<h2 class=\"wp-block-heading\">T\u00e9moignage<\/h2>\n\n\n\n<div class=\"wp-block-group is-layout-constrained wp-block-group-is-layout-constrained\">\n<div class=\"wp-block-columns are-vertically-aligned-top is-layout-flex wp-container-core-columns-is-layout-28f84493 wp-block-columns-is-layout-flex\">\n<div class=\"wp-block-column is-layout-flow wp-block-column-is-layout-flow\">\n<div class=\"wp-block-uagb-image uagb-block-98ea2562 wp-block-uagb-image--layout-default wp-block-uagb-image--effect-static wp-block-uagb-image--align-none\"><figure class=\"wp-block-uagb-image__figure\"><img decoding=\"async\" srcset=\"https:\/\/www.conseil100t.fr\/wp-content\/uploads\/2026\/02\/couv-la-force-2.png ,https:\/\/www.conseil100t.fr\/wp-content\/uploads\/2026\/02\/couv-la-force-2.png 780w, https:\/\/www.conseil100t.fr\/wp-content\/uploads\/2026\/02\/couv-la-force-2.png 360w\" sizes=\"auto, (max-width: 480px) 150px\" src=\"https:\/\/www.conseil100t.fr\/wp-content\/uploads\/2026\/02\/couv-la-force-2.png\" alt=\"couv la force\" class=\"uag-image-127\" width=\"327\" height=\"496\" title=\"couv la force\" loading=\"lazy\" role=\"img\"\/><\/figure><\/div>\n\n\n\n<div class=\"wp-block-buttons is-layout-flex wp-block-buttons-is-layout-flex\">\n<div class=\"wp-block-button is-style-fill\"><a class=\"wp-block-button__link has-ast-global-color-4-color has-cool-to-warm-spectrum-gradient-background has-text-color has-background has-link-color wp-element-button\" href=\"https:\/\/www.amazon.fr\/dp\/B0GM9VNYTG\" style=\"border-width:1px\">Commandez le t\u00e9moignage<\/a><\/div>\n<\/div>\n<\/div>\n\n\n\n<div class=\"wp-block-column is-layout-flow wp-block-column-is-layout-flow\">\n<p class=\"has-background has-small-font-size\" style=\"background:linear-gradient(135deg,rgb(255,206,236) 33%,rgb(152,150,240) 100%)\"><strong>La force de la fragilit\u00e9<\/strong><\/p>\n\n\n\n<p class=\"has-medium-font-size\"><strong>Cancer, famille, travail, maternit\u00e9 : <\/strong><br><strong>transformer l&rsquo;\u00e9preuve en expertise.<\/strong><\/p>\n\n\n\n<p>\u00ab\u00a0Le cancer ne pr\u00e9vient pas. Il fait irruption dans le quotidien, bousculant tout sur son passage : la femme, la m\u00e8re, l&rsquo;\u00e9pouse et la professionnelle. <br>Dans ce r\u00e9cit sans tabou, je raconte ma travers\u00e9e de la maladie. Pas seulement le combat m\u00e9dical, mais l&rsquo;impact intime sur mon couple, ma famille et mon identit\u00e9. C&rsquo;est l&rsquo;histoire d&rsquo;une chute et d&rsquo;une reconstruction, ou comment j&rsquo;ai transform\u00e9 cette \u00e9preuve de vuln\u00e9rabilit\u00e9 en une nouvelle force, pour moi et pour les autres.\u00a0\u00bb<\/p>\n\n\n\n<p><strong>Pour qui ?<\/strong> <br><strong>Les personnes touch\u00e9es par la maladie<\/strong> et leurs proches, en qu\u00eate de r\u00e9sonance et d&rsquo;espoir.<br><strong>Les femmes et les m\u00e8res<\/strong> qui doivent concilier combat pour la vie et charge mentale.<br><strong>Les managers et coll\u00e8gues<\/strong> qui souhaitent comprendre ce qui se joue r\u00e9ellement derri\u00e8re l&rsquo;arr\u00eat maladie, pour mieux accueillir l&rsquo;autre.<\/p>\n<\/div>\n<\/div>\n<\/div>\n\n\n\n<h2 class=\"wp-block-heading\">Pour les enfants et les familles<\/h2>\n\n\n\n<div class=\"wp-block-group is-layout-constrained wp-block-group-is-layout-constrained\">\n<div class=\"wp-block-group is-layout-constrained wp-block-group-is-layout-constrained\">\n<div class=\"wp-block-columns is-layout-flex wp-container-core-columns-is-layout-28f84493 wp-block-columns-is-layout-flex\">\n<div class=\"wp-block-column is-layout-flow wp-block-column-is-layout-flow\">\n<div class=\"wp-block-uagb-image uagb-block-1c120351 wp-block-uagb-image--layout-default wp-block-uagb-image--effect-static wp-block-uagb-image--align-none\"><figure class=\"wp-block-uagb-image__figure\"><img decoding=\"async\" srcset=\"https:\/\/www.conseil100t.fr\/wp-content\/uploads\/2026\/02\/COUV-KIKOU.png ,https:\/\/www.conseil100t.fr\/wp-content\/uploads\/2026\/02\/COUV-KIKOU.png 780w, https:\/\/www.conseil100t.fr\/wp-content\/uploads\/2026\/02\/COUV-KIKOU.png 360w\" sizes=\"auto, (max-width: 480px) 150px\" src=\"https:\/\/www.conseil100t.fr\/wp-content\/uploads\/2026\/02\/COUV-KIKOU.png\" alt=\"couv kikou\" class=\"uag-image-124\" width=\"687\" height=\"683\" title=\"couv kikou\" loading=\"lazy\" role=\"img\"\/><\/figure><\/div>\n\n\n\n<div class=\"wp-block-buttons is-layout-flex wp-block-buttons-is-layout-flex\">\n<div class=\"wp-block-button is-style-fill\"><a class=\"wp-block-button__link has-ast-global-color-4-color has-cool-to-warm-spectrum-gradient-background has-text-color has-background has-link-color wp-element-button\" href=\"https:\/\/www.amazon.fr\/dp\/B0GMBYDFRB\" style=\"border-width:1px\">Commandez Kikou<\/a><\/div>\n<\/div>\n<\/div>\n\n\n\n<div class=\"wp-block-column is-layout-flow wp-block-column-is-layout-flow\">\n<p class=\"has-background has-small-font-size\" style=\"background:linear-gradient(135deg,rgb(122,220,180) 39%,rgb(0,208,130) 100%)\"><strong>Les Strat\u00e9gies de Kikou<\/strong> <\/p>\n\n\n\n<p><em>Le livret de m\u00e9diation pour parler de la maladie.<\/em> \u00ab\u00a0Maman a un cancer\u00a0\u00bb, \u00ab\u00a0Papa est malade\u00a0\u00bb&#8230; Comment l&rsquo;annoncer ? Kikou est un compagnon illustr\u00e9 qui aide les parents \u00e0 trouver les mots justes et \u00e0 d\u00e9dramatiser le parcours de soin.<\/p>\n\n\n\n<p><strong>Pour qui ? <\/strong><br><strong>Les parents et grands-parents<\/strong> malades qui cherchent les mots justes annoncer la nouvelle avec douceur et rassurer l&rsquo;enfant.<br><strong>Les enfants<\/strong> qui ont besoin de comprendre pour \u00eatre rassur\u00e9s.<br><strong>Les professionnels<\/strong> (psychologues, enseignants, soignants) qui cherchent un support de m\u00e9diation pour accompagner les familles.<\/p>\n\n\n\n<div class=\"wp-block-group is-layout-constrained wp-block-group-is-layout-constrained\"><\/div>\n<\/div>\n<\/div>\n<\/div>\n<\/div>\n\n\n\n<div class=\"wp-block-columns is-layout-flex wp-container-core-columns-is-layout-28f84493 wp-block-columns-is-layout-flex\">\n<div class=\"wp-block-column is-layout-flow wp-block-column-is-layout-flow\">\n<div class=\"wp-block-uagb-image uagb-block-217a5219 wp-block-uagb-image--layout-default wp-block-uagb-image--effect-static wp-block-uagb-image--align-none\"><figure class=\"wp-block-uagb-image__figure\"><img decoding=\"async\" srcset=\"https:\/\/www.conseil100t.fr\/wp-content\/uploads\/2026\/02\/couv-epigenie.png ,https:\/\/www.conseil100t.fr\/wp-content\/uploads\/2026\/02\/couv-epigenie.png 780w, https:\/\/www.conseil100t.fr\/wp-content\/uploads\/2026\/02\/couv-epigenie.png 360w\" sizes=\"auto, (max-width: 480px) 150px\" src=\"https:\/\/www.conseil100t.fr\/wp-content\/uploads\/2026\/02\/couv-epigenie.png\" alt=\"couv epig\u00e9nie\" class=\"uag-image-125\" width=\"717\" height=\"721\" title=\"couv epig\u00e9nie\" loading=\"lazy\" role=\"img\"\/><\/figure><\/div>\n\n\n\n<div class=\"wp-block-buttons is-layout-flex wp-block-buttons-is-layout-flex\">\n<div class=\"wp-block-button is-style-fill\"><a class=\"wp-block-button__link has-ast-global-color-4-color has-cool-to-warm-spectrum-gradient-background has-text-color has-background has-link-color wp-element-button\" href=\"https:\/\/www.amazon.fr\/dp\/B0GMBM2T3Q\" style=\"border-width:1px\">Commandez \u00c9pig\u00e9nie<\/a><\/div>\n<\/div>\n<\/div>\n\n\n\n<div class=\"wp-block-column is-layout-flow wp-block-column-is-layout-flow\">\n<p class=\"has-background has-small-font-size\" style=\"background:linear-gradient(135deg,rgb(252,185,0) 54%,rgb(255,105,0) 100%)\"><strong>Le Tr\u00e9sor d&rsquo;\u00c9pig\u00e9nie<\/strong> <\/p>\n\n\n\n<p><em>Un conte pour d\u00e9couvrir le super-pouvoir de nos cellules.<\/em> Une aventure ludique pour expliquer l&rsquo;\u00e9pig\u00e9n\u00e9tique aux enfants. \u00c0 travers l&rsquo;histoire d&rsquo;une petite rainette, les plus jeunes comprennent qu&rsquo;ils ont le pouvoir d&rsquo;agir sur leur sant\u00e9 par leur hygi\u00e8ne de vie.<\/p>\n\n\n\n<p><strong>Pour qui ? <\/strong><br><strong>Les enfants curieux<\/strong> (5-10 ans) pr\u00eats \u00e0 d\u00e9couvrir qu&rsquo;ils ont des super-pouvoirs sur leur sant\u00e9. <br><strong>Les parents et enseignants<\/strong> qui veulent expliquer simplement l&rsquo;impact de l&rsquo;hygi\u00e8ne de vie (alimentation, sommeil, \u00e9motions) sur nos g\u00e8nes.<br><strong>Les acteurs de la pr\u00e9vention<\/strong> sant\u00e9 qui interviennent en milieu scolaire.<\/p>\n<\/div>\n<\/div>\n","protected":false},"excerpt":{"rendered":"<p>Mes livres MES LIVRES Mon parcours de Patiente Experte m&rsquo;a conduite \u00e0 \u00e9crire pour tous les publics, avec trois intentions [&hellip;]<\/p>\n","protected":false},"author":1,"featured_media":0,"parent":0,"menu_order":0,"comment_status":"closed","ping_status":"closed","template":"","meta":{"_uag_custom_page_level_css":"","site-sidebar-layout":"default","site-content-layout":"","ast-site-content-layout":"default","site-content-style":"default","site-sidebar-style":"default","ast-global-header-display":"","ast-banner-title-visibility":"","ast-main-header-display":"","ast-hfb-above-header-display":"","ast-hfb-below-header-display":"","ast-hfb-mobile-header-display":"","site-post-title":"disabled","ast-breadcrumbs-content":"","ast-featured-img":"","footer-sml-layout":"","ast-disable-related-posts":"","theme-transparent-header-meta":"","adv-header-id-meta":"","stick-header-meta":"","header-above-stick-meta":"","header-main-stick-meta":"","header-below-stick-meta":"","astra-migrate-meta-layouts":"default","ast-page-background-enabled":"default","ast-page-background-meta":{"desktop":{"background-color":"var(--ast-global-color-5)","background-image":"","background-repeat":"repeat","background-position":"center center","background-size":"auto","background-attachment":"scroll","background-type":"","background-media":"","overlay-type":"","overlay-color":"","overlay-opacity":"","overlay-gradient":""},"tablet":{"background-color":"","background-image":"","background-repeat":"repeat","background-position":"center center","background-size":"auto","background-attachment":"scroll","background-type":"","background-media":"","overlay-type":"","overlay-color":"","overlay-opacity":"","overlay-gradient":""},"mobile":{"background-color":"","background-image":"","background-repeat":"repeat","background-position":"center center","background-size":"auto","background-attachment":"scroll","background-type":"","background-media":"","overlay-type":"","overlay-color":"","overlay-opacity":"","overlay-gradient":""}},"ast-content-background-meta":{"desktop":{"background-color":"var(--ast-global-color-4)","background-image":"","background-repeat":"repeat","background-position":"center center","background-size":"auto","background-attachment":"scroll","background-type":"","background-media":"","overlay-type":"","overlay-color":"","overlay-opacity":"","overlay-gradient":""},"tablet":{"background-color":"var(--ast-global-color-4)","background-image":"","background-repeat":"repeat","background-position":"center center","background-size":"auto","background-attachment":"scroll","background-type":"","background-media":"","overlay-type":"","overlay-color":"","overlay-opacity":"","overlay-gradient":""},"mobile":{"background-color":"var(--ast-global-color-4)","background-image":"","background-repeat":"repeat","background-position":"center center","background-size":"auto","background-attachment":"scroll","background-type":"","background-media":"","overlay-type":"","overlay-color":"","overlay-opacity":"","overlay-gradient":""}},"footnotes":""},"class_list":["post-120","page","type-page","status-publish","hentry"],"yoast_head":"<!-- This site is optimized with the Yoast SEO plugin v26.9 - https:\/\/yoast.com\/product\/yoast-seo-wordpress\/ -->\n<title>Mes livres - Conseil100T<\/title>\n<meta name=\"description\" content=\"D\u00e9couvrez 3 ouvrages essentiels pour transformer l&#039;\u00e9preuve du cancer : un t\u00e9moignage de r\u00e9silience au travail, un guide pour parler aux enfants et un conte sant\u00e9.\" \/>\n<meta name=\"robots\" content=\"index, follow, max-snippet:-1, max-image-preview:large, max-video-preview:-1\" \/>\n<link rel=\"canonical\" href=\"https:\/\/www.conseil100t.fr\/?page_id=120\" \/>\n<meta property=\"og:locale\" content=\"fr_FR\" \/>\n<meta property=\"og:type\" content=\"article\" \/>\n<meta property=\"og:title\" content=\"Mes livres - Conseil100T\" \/>\n<meta property=\"og:description\" content=\"D\u00e9couvrez 3 ouvrages essentiels pour transformer l&#039;\u00e9preuve du cancer : un t\u00e9moignage de r\u00e9silience au travail, un guide pour parler aux enfants et un conte sant\u00e9.\" \/>\n<meta property=\"og:url\" content=\"https:\/\/www.conseil100t.fr\/?page_id=120\" \/>\n<meta property=\"og:site_name\" content=\"Conseil100T\" \/>\n<meta property=\"article:modified_time\" content=\"2026-02-13T12:04:16+00:00\" \/>\n<meta property=\"og:image\" content=\"https:\/\/www.conseil100t.fr\/wp-content\/uploads\/2026\/02\/couv-la-force-2.png\" \/>\n<meta name=\"twitter:card\" content=\"summary_large_image\" \/>\n<meta name=\"twitter:label1\" content=\"Dur\u00e9e de lecture estim\u00e9e\" \/>\n\t<meta name=\"twitter:data1\" content=\"3 minutes\" \/>\n<script type=\"application\/ld+json\" class=\"yoast-schema-graph\">{\"@context\":\"https:\/\/schema.org\",\"@graph\":[{\"@type\":\"WebPage\",\"@id\":\"https:\/\/www.conseil100t.fr\/?page_id=120\",\"url\":\"https:\/\/www.conseil100t.fr\/?page_id=120\",\"name\":\"Mes livres - Conseil100T\",\"isPartOf\":{\"@id\":\"http:\/\/www.conseil100t.fr\/#website\"},\"primaryImageOfPage\":{\"@id\":\"https:\/\/www.conseil100t.fr\/?page_id=120#primaryimage\"},\"image\":{\"@id\":\"https:\/\/www.conseil100t.fr\/?page_id=120#primaryimage\"},\"thumbnailUrl\":\"https:\/\/www.conseil100t.fr\/wp-content\/uploads\/2026\/02\/couv-la-force-2.png\",\"datePublished\":\"2026-02-09T12:42:23+00:00\",\"dateModified\":\"2026-02-13T12:04:16+00:00\",\"description\":\"D\u00e9couvrez 3 ouvrages essentiels pour transformer l'\u00e9preuve du cancer : un t\u00e9moignage de r\u00e9silience au travail, un guide pour parler aux enfants et un conte sant\u00e9.\",\"breadcrumb\":{\"@id\":\"https:\/\/www.conseil100t.fr\/?page_id=120#breadcrumb\"},\"inLanguage\":\"fr-FR\",\"potentialAction\":[{\"@type\":\"ReadAction\",\"target\":[\"https:\/\/www.conseil100t.fr\/?page_id=120\"]}]},{\"@type\":\"ImageObject\",\"inLanguage\":\"fr-FR\",\"@id\":\"https:\/\/www.conseil100t.fr\/?page_id=120#primaryimage\",\"url\":\"https:\/\/www.conseil100t.fr\/wp-content\/uploads\/2026\/02\/couv-la-force-2.png\",\"contentUrl\":\"https:\/\/www.conseil100t.fr\/wp-content\/uploads\/2026\/02\/couv-la-force-2.png\"},{\"@type\":\"BreadcrumbList\",\"@id\":\"https:\/\/www.conseil100t.fr\/?page_id=120#breadcrumb\",\"itemListElement\":[{\"@type\":\"ListItem\",\"position\":1,\"name\":\"Accueil\",\"item\":\"http:\/\/www.conseil100t.fr\/\"},{\"@type\":\"ListItem\",\"position\":2,\"name\":\"Mes livres\"}]},{\"@type\":\"WebSite\",\"@id\":\"http:\/\/www.conseil100t.fr\/#website\",\"url\":\"http:\/\/www.conseil100t.fr\/\",\"name\":\"Conseil100T\",\"description\":\"R\u00e9v\u00e9lez le potentiel humain de votre entreprise !\",\"publisher\":{\"@id\":\"http:\/\/www.conseil100t.fr\/#organization\"},\"potentialAction\":[{\"@type\":\"SearchAction\",\"target\":{\"@type\":\"EntryPoint\",\"urlTemplate\":\"http:\/\/www.conseil100t.fr\/?s={search_term_string}\"},\"query-input\":{\"@type\":\"PropertyValueSpecification\",\"valueRequired\":true,\"valueName\":\"search_term_string\"}}],\"inLanguage\":\"fr-FR\"},{\"@type\":\"Organization\",\"@id\":\"http:\/\/www.conseil100t.fr\/#organization\",\"name\":\"Conseil100T\",\"url\":\"http:\/\/www.conseil100t.fr\/\",\"logo\":{\"@type\":\"ImageObject\",\"inLanguage\":\"fr-FR\",\"@id\":\"http:\/\/www.conseil100t.fr\/#\/schema\/logo\/image\/\",\"url\":\"https:\/\/www.conseil100t.fr\/wp-content\/uploads\/2026\/02\/cropped-logo-1.png\",\"contentUrl\":\"https:\/\/www.conseil100t.fr\/wp-content\/uploads\/2026\/02\/cropped-logo-1.png\",\"width\":311,\"height\":83,\"caption\":\"Conseil100T\"},\"image\":{\"@id\":\"http:\/\/www.conseil100t.fr\/#\/schema\/logo\/image\/\"}}]}<\/script>\n<!-- \/ Yoast SEO plugin. -->","yoast_head_json":{"title":"Mes livres - Conseil100T","description":"D\u00e9couvrez 3 ouvrages essentiels pour transformer l'\u00e9preuve du cancer : un t\u00e9moignage de r\u00e9silience au travail, un guide pour parler aux enfants et un conte sant\u00e9.","robots":{"index":"index","follow":"follow","max-snippet":"max-snippet:-1","max-image-preview":"max-image-preview:large","max-video-preview":"max-video-preview:-1"},"canonical":"https:\/\/www.conseil100t.fr\/?page_id=120","og_locale":"fr_FR","og_type":"article","og_title":"Mes livres - Conseil100T","og_description":"D\u00e9couvrez 3 ouvrages essentiels pour transformer l'\u00e9preuve du cancer : un t\u00e9moignage de r\u00e9silience au travail, un guide pour parler aux enfants et un conte sant\u00e9.","og_url":"https:\/\/www.conseil100t.fr\/?page_id=120","og_site_name":"Conseil100T","article_modified_time":"2026-02-13T12:04:16+00:00","og_image":[{"url":"https:\/\/www.conseil100t.fr\/wp-content\/uploads\/2026\/02\/couv-la-force-2.png","type":"","width":"","height":""}],"twitter_card":"summary_large_image","twitter_misc":{"Dur\u00e9e de lecture estim\u00e9e":"3 minutes"},"schema":{"@context":"https:\/\/schema.org","@graph":[{"@type":"WebPage","@id":"https:\/\/www.conseil100t.fr\/?page_id=120","url":"https:\/\/www.conseil100t.fr\/?page_id=120","name":"Mes livres - Conseil100T","isPartOf":{"@id":"http:\/\/www.conseil100t.fr\/#website"},"primaryImageOfPage":{"@id":"https:\/\/www.conseil100t.fr\/?page_id=120#primaryimage"},"image":{"@id":"https:\/\/www.conseil100t.fr\/?page_id=120#primaryimage"},"thumbnailUrl":"https:\/\/www.conseil100t.fr\/wp-content\/uploads\/2026\/02\/couv-la-force-2.png","datePublished":"2026-02-09T12:42:23+00:00","dateModified":"2026-02-13T12:04:16+00:00","description":"D\u00e9couvrez 3 ouvrages essentiels pour transformer l'\u00e9preuve du cancer : un t\u00e9moignage de r\u00e9silience au travail, un guide pour parler aux enfants et un conte sant\u00e9.","breadcrumb":{"@id":"https:\/\/www.conseil100t.fr\/?page_id=120#breadcrumb"},"inLanguage":"fr-FR","potentialAction":[{"@type":"ReadAction","target":["https:\/\/www.conseil100t.fr\/?page_id=120"]}]},{"@type":"ImageObject","inLanguage":"fr-FR","@id":"https:\/\/www.conseil100t.fr\/?page_id=120#primaryimage","url":"https:\/\/www.conseil100t.fr\/wp-content\/uploads\/2026\/02\/couv-la-force-2.png","contentUrl":"https:\/\/www.conseil100t.fr\/wp-content\/uploads\/2026\/02\/couv-la-force-2.png"},{"@type":"BreadcrumbList","@id":"https:\/\/www.conseil100t.fr\/?page_id=120#breadcrumb","itemListElement":[{"@type":"ListItem","position":1,"name":"Accueil","item":"http:\/\/www.conseil100t.fr\/"},{"@type":"ListItem","position":2,"name":"Mes livres"}]},{"@type":"WebSite","@id":"http:\/\/www.conseil100t.fr\/#website","url":"http:\/\/www.conseil100t.fr\/","name":"Conseil100T","description":"R\u00e9v\u00e9lez le potentiel humain de votre entreprise !","publisher":{"@id":"http:\/\/www.conseil100t.fr\/#organization"},"potentialAction":[{"@type":"SearchAction","target":{"@type":"EntryPoint","urlTemplate":"http:\/\/www.conseil100t.fr\/?s={search_term_string}"},"query-input":{"@type":"PropertyValueSpecification","valueRequired":true,"valueName":"search_term_string"}}],"inLanguage":"fr-FR"},{"@type":"Organization","@id":"http:\/\/www.conseil100t.fr\/#organization","name":"Conseil100T","url":"http:\/\/www.conseil100t.fr\/","logo":{"@type":"ImageObject","inLanguage":"fr-FR","@id":"http:\/\/www.conseil100t.fr\/#\/schema\/logo\/image\/","url":"https:\/\/www.conseil100t.fr\/wp-content\/uploads\/2026\/02\/cropped-logo-1.png","contentUrl":"https:\/\/www.conseil100t.fr\/wp-content\/uploads\/2026\/02\/cropped-logo-1.png","width":311,"height":83,"caption":"Conseil100T"},"image":{"@id":"http:\/\/www.conseil100t.fr\/#\/schema\/logo\/image\/"}}]}},"uagb_featured_image_src":{"full":false,"thumbnail":false,"medium":false,"medium_large":false,"large":false,"1536x1536":false,"2048x2048":false},"uagb_author_info":{"display_name":"conseicontact","author_link":"https:\/\/www.conseil100t.fr\/?author=1"},"uagb_comment_info":0,"uagb_excerpt":"Mes livres MES LIVRES Mon parcours de Patiente Experte m&rsquo;a conduite \u00e0 \u00e9crire pour tous les publics, avec trois intentions [&hellip;]","_links":{"self":[{"href":"https:\/\/www.conseil100t.fr\/index.php?rest_route=\/wp\/v2\/pages\/120","targetHints":{"allow":["GET"]}}],"collection":[{"href":"https:\/\/www.conseil100t.fr\/index.php?rest_route=\/wp\/v2\/pages"}],"about":[{"href":"https:\/\/www.conseil100t.fr\/index.php?rest_route=\/wp\/v2\/types\/page"}],"author":[{"embeddable":true,"href":"https:\/\/www.conseil100t.fr\/index.php?rest_route=\/wp\/v2\/users\/1"}],"replies":[{"embeddable":true,"href":"https:\/\/www.conseil100t.fr\/index.php?rest_route=%2Fwp%2Fv2%2Fcomments&post=120"}],"version-history":[{"count":22,"href":"https:\/\/www.conseil100t.fr\/index.php?rest_route=\/wp\/v2\/pages\/120\/revisions"}],"predecessor-version":[{"id":316,"href":"https:\/\/www.conseil100t.fr\/index.php?rest_route=\/wp\/v2\/pages\/120\/revisions\/316"}],"wp:attachment":[{"href":"https:\/\/www.conseil100t.fr\/index.php?rest_route=%2Fwp%2Fv2%2Fmedia&parent=120"}],"curies":[{"name":"wp","href":"https:\/\/api.w.org\/{rel}","templated":true}]}}