{"id":154,"date":"2026-02-09T15:21:39","date_gmt":"2026-02-09T15:21:39","guid":{"rendered":"https:\/\/www.conseil100t.fr\/?page_id=154"},"modified":"2026-02-14T13:36:14","modified_gmt":"2026-02-14T13:36:14","slug":"cancer-et-travail-la-solution-rh-pour-vos-equipes-conseil-100t","status":"publish","type":"page","link":"https:\/\/www.conseil100t.fr\/?page_id=154","title":{"rendered":"Mon Offre Entreprise"},"content":{"rendered":"\n<div class=\"wp-block-columns has-midnight-gradient-background has-background is-layout-flex wp-container-core-columns-is-layout-28f84493 wp-block-columns-is-layout-flex\">\n<div class=\"wp-block-column is-layout-flow wp-block-column-is-layout-flow\">\n<div class=\"wp-block-uagb-advanced-heading uagb-block-d5fd5020\"><h1 class=\"uagb-heading-text\"><br>Mon offre entreprise<\/h1><\/div>\n<\/div>\n<\/div>\n\n\n\n<h2 class=\"wp-block-heading\">Cancer &amp; Travail : S\u00e9curisez vos managers et vos \u00e9quipes<\/h2>\n\n\n\n<div class=\"wp-block-columns has-pale-ocean-gradient-background has-background is-layout-flex wp-container-core-columns-is-layout-28f84493 wp-block-columns-is-layout-flex\">\n<div class=\"wp-block-column is-layout-flow wp-block-column-is-layout-flow\" style=\"flex-basis:33.33%\">\n<div class=\"wp-block-uagb-image uagb-block-28589f46 wp-block-uagb-image--layout-default wp-block-uagb-image--effect-static wp-block-uagb-image--align-none\"><figure class=\"wp-block-uagb-image__figure\"><img decoding=\"async\" srcset=\"https:\/\/www.conseil100t.fr\/wp-content\/uploads\/2026\/02\/Gemini_Generated_Image_jaf2ajjaf2ajjaf2-1024x559.png ,https:\/\/www.conseil100t.fr\/wp-content\/uploads\/2026\/02\/Gemini_Generated_Image_jaf2ajjaf2ajjaf2-scaled.png 780w, https:\/\/www.conseil100t.fr\/wp-content\/uploads\/2026\/02\/Gemini_Generated_Image_jaf2ajjaf2ajjaf2-scaled.png 360w\" sizes=\"auto, (max-width: 480px) 150px\" src=\"https:\/\/www.conseil100t.fr\/wp-content\/uploads\/2026\/02\/Gemini_Generated_Image_jaf2ajjaf2ajjaf2-1024x559.png\" alt=\"gemini generated image jaf2ajjaf2ajjaf2\" class=\"uag-image-306\" width=\"2816\" height=\"1536\" title=\"gemini generated image jaf2ajjaf2ajjaf2\" loading=\"lazy\" role=\"img\"\/><\/figure><\/div>\n<\/div>\n\n\n\n<div class=\"wp-block-column is-layout-flow wp-block-column-is-layout-flow\" style=\"flex-basis:66.66%\">\n<p>Qu&rsquo;il s&rsquo;agisse d&rsquo;un maintien en poste ou d&rsquo;un arr\u00eat longue dur\u00e9e, la maladie d&rsquo;un.e collaborateur\/rice impacte toute l&rsquo;organisation : coll\u00e8gues, charge de travail, climat social\u2026<br><br>Face \u00e0 cette r\u00e9alit\u00e9, la ligne manag\u00e9riale se sent souvent d\u00e9munie. <br><strong>Que dire ? Que faire ? Comment anticiper le retour ?<\/strong> <br>Ici, l&rsquo;improvisation n&rsquo;est pas une option.<br><\/p>\n<\/div>\n<\/div>\n\n\n\n<div class=\"wp-block-columns is-layout-flex wp-container-core-columns-is-layout-28f84493 wp-block-columns-is-layout-flex\" style=\"border-width:35px\">\n<div class=\"wp-block-column is-layout-flow wp-block-column-is-layout-flow\">\n<p><strong>1\ufe0f\u20e3 LE CADRAGE (J-15)<\/strong> <br><strong>Visio (30 min)<\/strong> avec la DRH ou la Mission Handicap.<br><em>L&rsquo;objectif :<\/em> Adapter le discours \u00e0 votre contexte sp\u00e9cifique et identifier les situations sensibles.<\/p>\n<\/div>\n\n\n\n<div class=\"wp-block-column is-layout-flow wp-block-column-is-layout-flow\">\n<p><strong>2\ufe0f\u20e3 L\u2019ATELIER (JOUR J)<\/strong><br> <strong>Formation interactive de 3h30<\/strong> pour les managers. <br><em>Inclus :<\/em> Remise du <strong>Livret Outils<\/strong> exclusif (Checklists de retour, Phrasier pour trouver les mots justes, Posture manag\u00e9riale, Rep\u00e8res juridiques).<\/p>\n<\/div>\n\n\n\n<div class=\"wp-block-column is-layout-flow wp-block-column-is-layout-flow\">\n<p><strong>3\ufe0f\u20e3<\/strong> <strong>LA RESTITUTION (J+7)<\/strong> <br><strong>Bilan \u00e0 chaud &amp; Pr\u00e9conisations.<\/strong><br>Analyse des retours d\u2019\u00e9valuation et feuille de route pour p\u00e9renniser la d\u00e9marche.<\/p>\n<\/div>\n<\/div>\n\n\n\n<p><\/p>\n\n\n\n<h2 class=\"wp-block-heading\">Financement Optimis\u00e9 &amp; Impact RSE<\/h2>\n\n\n\n<p>Cette action ne p\u00e8se pas sur votre budget formation classique. Elle est :<\/p>\n\n\n\n<p class=\"has-medium-font-size\">\u2705 <strong>Imputable sur votre budget Mission Handicap (OETH)<\/strong> (Contribution AGEFIPH).<\/p>\n\n\n\n<p class=\"has-medium-font-size\">\u2705 <strong>Int\u00e9grable dans votre d\u00e9marche QVCT<\/strong> (Qualit\u00e9 de Vie et des Conditions de Travail).<\/p>\n\n\n\n<p class=\"has-medium-font-size\">Me contacter en Votre devis personnalis\u00e9 :<\/p>\n\n\n\n<div class=\"wp-block-buttons is-layout-flex wp-block-buttons-is-layout-flex\">\n<div class=\"wp-block-button is-style-fill\"><a class=\"wp-block-button__link has-light-green-cyan-background-color has-background wp-element-button\" href=\"https:\/\/www.conseil100t.fr\/?page_id=309\" style=\"border-width:1px\">Contact<\/a><\/div>\n<\/div>\n\n\n\n<p><\/p>\n","protected":false},"excerpt":{"rendered":"<p>Mon offre entreprise Cancer &amp; Travail : S\u00e9curisez vos managers et vos \u00e9quipes Qu&rsquo;il s&rsquo;agisse d&rsquo;un maintien en poste ou [&hellip;]<\/p>\n","protected":false},"author":1,"featured_media":0,"parent":0,"menu_order":0,"comment_status":"closed","ping_status":"closed","template":"","meta":{"_uag_custom_page_level_css":"","site-sidebar-layout":"default","site-content-layout":"","ast-site-content-layout":"default","site-content-style":"default","site-sidebar-style":"default","ast-global-header-display":"","ast-banner-title-visibility":"","ast-main-header-display":"","ast-hfb-above-header-display":"","ast-hfb-below-header-display":"","ast-hfb-mobile-header-display":"","site-post-title":"","ast-breadcrumbs-content":"","ast-featured-img":"","footer-sml-layout":"","ast-disable-related-posts":"","theme-transparent-header-meta":"","adv-header-id-meta":"","stick-header-meta":"","header-above-stick-meta":"","header-main-stick-meta":"","header-below-stick-meta":"","astra-migrate-meta-layouts":"default","ast-page-background-enabled":"default","ast-page-background-meta":{"desktop":{"background-color":"var(--ast-global-color-5)","background-image":"","background-repeat":"repeat","background-position":"center center","background-size":"auto","background-attachment":"scroll","background-type":"","background-media":"","overlay-type":"","overlay-color":"","overlay-opacity":"","overlay-gradient":""},"tablet":{"background-color":"","background-image":"","background-repeat":"repeat","background-position":"center center","background-size":"auto","background-attachment":"scroll","background-type":"","background-media":"","overlay-type":"","overlay-color":"","overlay-opacity":"","overlay-gradient":""},"mobile":{"background-color":"","background-image":"","background-repeat":"repeat","background-position":"center center","background-size":"auto","background-attachment":"scroll","background-type":"","background-media":"","overlay-type":"","overlay-color":"","overlay-opacity":"","overlay-gradient":""}},"ast-content-background-meta":{"desktop":{"background-color":"var(--ast-global-color-4)","background-image":"","background-repeat":"repeat","background-position":"center center","background-size":"auto","background-attachment":"scroll","background-type":"","background-media":"","overlay-type":"","overlay-color":"","overlay-opacity":"","overlay-gradient":""},"tablet":{"background-color":"var(--ast-global-color-4)","background-image":"","background-repeat":"repeat","background-position":"center center","background-size":"auto","background-attachment":"scroll","background-type":"","background-media":"","overlay-type":"","overlay-color":"","overlay-opacity":"","overlay-gradient":""},"mobile":{"background-color":"var(--ast-global-color-4)","background-image":"","background-repeat":"repeat","background-position":"center center","background-size":"auto","background-attachment":"scroll","background-type":"","background-media":"","overlay-type":"","overlay-color":"","overlay-opacity":"","overlay-gradient":""}},"footnotes":""},"class_list":["post-154","page","type-page","status-publish","hentry"],"yoast_head":"<!-- This site is optimized with the Yoast SEO plugin v26.9 - https:\/\/yoast.com\/product\/yoast-seo-wordpress\/ -->\n<title>Mon Offre Entreprise - Conseil100T<\/title>\n<meta name=\"description\" content=\"D\u00e9couvrez le Pack S\u00e9r\u00e9nit\u00e9 : une formation op\u00e9rationnelle pour aider managers et RH \u00e0 g\u00e9rer le cancer au travail. S\u00e9curisez vos \u00e9quipes et le retour \u00e0 l&#039;emploi.\" \/>\n<meta name=\"robots\" content=\"index, follow, max-snippet:-1, max-image-preview:large, max-video-preview:-1\" \/>\n<link rel=\"canonical\" href=\"https:\/\/www.conseil100t.fr\/?page_id=154\" \/>\n<meta property=\"og:locale\" content=\"fr_FR\" \/>\n<meta property=\"og:type\" content=\"article\" \/>\n<meta property=\"og:title\" content=\"Mon Offre Entreprise - Conseil100T\" \/>\n<meta property=\"og:description\" content=\"D\u00e9couvrez le Pack S\u00e9r\u00e9nit\u00e9 : une formation op\u00e9rationnelle pour aider managers et RH \u00e0 g\u00e9rer le cancer au travail. S\u00e9curisez vos \u00e9quipes et le retour \u00e0 l&#039;emploi.\" \/>\n<meta property=\"og:url\" content=\"https:\/\/www.conseil100t.fr\/?page_id=154\" \/>\n<meta property=\"og:site_name\" content=\"Conseil100T\" \/>\n<meta property=\"article:modified_time\" content=\"2026-02-14T13:36:14+00:00\" \/>\n<meta property=\"og:image\" content=\"https:\/\/www.conseil100t.fr\/wp-content\/uploads\/2026\/02\/Gemini_Generated_Image_jaf2ajjaf2ajjaf2-1024x559.png\" \/>\n<meta name=\"twitter:card\" content=\"summary_large_image\" \/>\n<meta name=\"twitter:label1\" content=\"Dur\u00e9e de lecture estim\u00e9e\" \/>\n\t<meta name=\"twitter:data1\" content=\"2 minutes\" \/>\n<script type=\"application\/ld+json\" class=\"yoast-schema-graph\">{\"@context\":\"https:\/\/schema.org\",\"@graph\":[{\"@type\":\"WebPage\",\"@id\":\"https:\/\/www.conseil100t.fr\/?page_id=154\",\"url\":\"https:\/\/www.conseil100t.fr\/?page_id=154\",\"name\":\"Mon Offre Entreprise - Conseil100T\",\"isPartOf\":{\"@id\":\"http:\/\/www.conseil100t.fr\/#website\"},\"primaryImageOfPage\":{\"@id\":\"https:\/\/www.conseil100t.fr\/?page_id=154#primaryimage\"},\"image\":{\"@id\":\"https:\/\/www.conseil100t.fr\/?page_id=154#primaryimage\"},\"thumbnailUrl\":\"https:\/\/www.conseil100t.fr\/wp-content\/uploads\/2026\/02\/Gemini_Generated_Image_jaf2ajjaf2ajjaf2-1024x559.png\",\"datePublished\":\"2026-02-09T15:21:39+00:00\",\"dateModified\":\"2026-02-14T13:36:14+00:00\",\"description\":\"D\u00e9couvrez le Pack S\u00e9r\u00e9nit\u00e9 : une formation op\u00e9rationnelle pour aider managers et RH \u00e0 g\u00e9rer le cancer au travail. S\u00e9curisez vos \u00e9quipes et le retour \u00e0 l'emploi.\",\"breadcrumb\":{\"@id\":\"https:\/\/www.conseil100t.fr\/?page_id=154#breadcrumb\"},\"inLanguage\":\"fr-FR\",\"potentialAction\":[{\"@type\":\"ReadAction\",\"target\":[\"https:\/\/www.conseil100t.fr\/?page_id=154\"]}]},{\"@type\":\"ImageObject\",\"inLanguage\":\"fr-FR\",\"@id\":\"https:\/\/www.conseil100t.fr\/?page_id=154#primaryimage\",\"url\":\"https:\/\/www.conseil100t.fr\/wp-content\/uploads\/2026\/02\/Gemini_Generated_Image_jaf2ajjaf2ajjaf2-1024x559.png\",\"contentUrl\":\"https:\/\/www.conseil100t.fr\/wp-content\/uploads\/2026\/02\/Gemini_Generated_Image_jaf2ajjaf2ajjaf2-1024x559.png\"},{\"@type\":\"BreadcrumbList\",\"@id\":\"https:\/\/www.conseil100t.fr\/?page_id=154#breadcrumb\",\"itemListElement\":[{\"@type\":\"ListItem\",\"position\":1,\"name\":\"Accueil\",\"item\":\"http:\/\/www.conseil100t.fr\/\"},{\"@type\":\"ListItem\",\"position\":2,\"name\":\"Mon Offre Entreprise\"}]},{\"@type\":\"WebSite\",\"@id\":\"http:\/\/www.conseil100t.fr\/#website\",\"url\":\"http:\/\/www.conseil100t.fr\/\",\"name\":\"Conseil100T\",\"description\":\"R\u00e9v\u00e9lez le potentiel humain de votre entreprise !\",\"publisher\":{\"@id\":\"http:\/\/www.conseil100t.fr\/#organization\"},\"potentialAction\":[{\"@type\":\"SearchAction\",\"target\":{\"@type\":\"EntryPoint\",\"urlTemplate\":\"http:\/\/www.conseil100t.fr\/?s={search_term_string}\"},\"query-input\":{\"@type\":\"PropertyValueSpecification\",\"valueRequired\":true,\"valueName\":\"search_term_string\"}}],\"inLanguage\":\"fr-FR\"},{\"@type\":\"Organization\",\"@id\":\"http:\/\/www.conseil100t.fr\/#organization\",\"name\":\"Conseil100T\",\"url\":\"http:\/\/www.conseil100t.fr\/\",\"logo\":{\"@type\":\"ImageObject\",\"inLanguage\":\"fr-FR\",\"@id\":\"http:\/\/www.conseil100t.fr\/#\/schema\/logo\/image\/\",\"url\":\"https:\/\/www.conseil100t.fr\/wp-content\/uploads\/2026\/02\/cropped-logo-1.png\",\"contentUrl\":\"https:\/\/www.conseil100t.fr\/wp-content\/uploads\/2026\/02\/cropped-logo-1.png\",\"width\":311,\"height\":83,\"caption\":\"Conseil100T\"},\"image\":{\"@id\":\"http:\/\/www.conseil100t.fr\/#\/schema\/logo\/image\/\"}}]}<\/script>\n<!-- \/ Yoast SEO plugin. -->","yoast_head_json":{"title":"Mon Offre Entreprise - Conseil100T","description":"D\u00e9couvrez le Pack S\u00e9r\u00e9nit\u00e9 : une formation op\u00e9rationnelle pour aider managers et RH \u00e0 g\u00e9rer le cancer au travail. S\u00e9curisez vos \u00e9quipes et le retour \u00e0 l'emploi.","robots":{"index":"index","follow":"follow","max-snippet":"max-snippet:-1","max-image-preview":"max-image-preview:large","max-video-preview":"max-video-preview:-1"},"canonical":"https:\/\/www.conseil100t.fr\/?page_id=154","og_locale":"fr_FR","og_type":"article","og_title":"Mon Offre Entreprise - Conseil100T","og_description":"D\u00e9couvrez le Pack S\u00e9r\u00e9nit\u00e9 : une formation op\u00e9rationnelle pour aider managers et RH \u00e0 g\u00e9rer le cancer au travail. S\u00e9curisez vos \u00e9quipes et le retour \u00e0 l'emploi.","og_url":"https:\/\/www.conseil100t.fr\/?page_id=154","og_site_name":"Conseil100T","article_modified_time":"2026-02-14T13:36:14+00:00","og_image":[{"url":"https:\/\/www.conseil100t.fr\/wp-content\/uploads\/2026\/02\/Gemini_Generated_Image_jaf2ajjaf2ajjaf2-1024x559.png","type":"","width":"","height":""}],"twitter_card":"summary_large_image","twitter_misc":{"Dur\u00e9e de lecture estim\u00e9e":"2 minutes"},"schema":{"@context":"https:\/\/schema.org","@graph":[{"@type":"WebPage","@id":"https:\/\/www.conseil100t.fr\/?page_id=154","url":"https:\/\/www.conseil100t.fr\/?page_id=154","name":"Mon Offre Entreprise - Conseil100T","isPartOf":{"@id":"http:\/\/www.conseil100t.fr\/#website"},"primaryImageOfPage":{"@id":"https:\/\/www.conseil100t.fr\/?page_id=154#primaryimage"},"image":{"@id":"https:\/\/www.conseil100t.fr\/?page_id=154#primaryimage"},"thumbnailUrl":"https:\/\/www.conseil100t.fr\/wp-content\/uploads\/2026\/02\/Gemini_Generated_Image_jaf2ajjaf2ajjaf2-1024x559.png","datePublished":"2026-02-09T15:21:39+00:00","dateModified":"2026-02-14T13:36:14+00:00","description":"D\u00e9couvrez le Pack S\u00e9r\u00e9nit\u00e9 : une formation op\u00e9rationnelle pour aider managers et RH \u00e0 g\u00e9rer le cancer au travail. S\u00e9curisez vos \u00e9quipes et le retour \u00e0 l'emploi.","breadcrumb":{"@id":"https:\/\/www.conseil100t.fr\/?page_id=154#breadcrumb"},"inLanguage":"fr-FR","potentialAction":[{"@type":"ReadAction","target":["https:\/\/www.conseil100t.fr\/?page_id=154"]}]},{"@type":"ImageObject","inLanguage":"fr-FR","@id":"https:\/\/www.conseil100t.fr\/?page_id=154#primaryimage","url":"https:\/\/www.conseil100t.fr\/wp-content\/uploads\/2026\/02\/Gemini_Generated_Image_jaf2ajjaf2ajjaf2-1024x559.png","contentUrl":"https:\/\/www.conseil100t.fr\/wp-content\/uploads\/2026\/02\/Gemini_Generated_Image_jaf2ajjaf2ajjaf2-1024x559.png"},{"@type":"BreadcrumbList","@id":"https:\/\/www.conseil100t.fr\/?page_id=154#breadcrumb","itemListElement":[{"@type":"ListItem","position":1,"name":"Accueil","item":"http:\/\/www.conseil100t.fr\/"},{"@type":"ListItem","position":2,"name":"Mon Offre Entreprise"}]},{"@type":"WebSite","@id":"http:\/\/www.conseil100t.fr\/#website","url":"http:\/\/www.conseil100t.fr\/","name":"Conseil100T","description":"R\u00e9v\u00e9lez le potentiel humain de votre entreprise !","publisher":{"@id":"http:\/\/www.conseil100t.fr\/#organization"},"potentialAction":[{"@type":"SearchAction","target":{"@type":"EntryPoint","urlTemplate":"http:\/\/www.conseil100t.fr\/?s={search_term_string}"},"query-input":{"@type":"PropertyValueSpecification","valueRequired":true,"valueName":"search_term_string"}}],"inLanguage":"fr-FR"},{"@type":"Organization","@id":"http:\/\/www.conseil100t.fr\/#organization","name":"Conseil100T","url":"http:\/\/www.conseil100t.fr\/","logo":{"@type":"ImageObject","inLanguage":"fr-FR","@id":"http:\/\/www.conseil100t.fr\/#\/schema\/logo\/image\/","url":"https:\/\/www.conseil100t.fr\/wp-content\/uploads\/2026\/02\/cropped-logo-1.png","contentUrl":"https:\/\/www.conseil100t.fr\/wp-content\/uploads\/2026\/02\/cropped-logo-1.png","width":311,"height":83,"caption":"Conseil100T"},"image":{"@id":"http:\/\/www.conseil100t.fr\/#\/schema\/logo\/image\/"}}]}},"uagb_featured_image_src":{"full":false,"thumbnail":false,"medium":false,"medium_large":false,"large":false,"1536x1536":false,"2048x2048":false},"uagb_author_info":{"display_name":"conseicontact","author_link":"https:\/\/www.conseil100t.fr\/?author=1"},"uagb_comment_info":0,"uagb_excerpt":"Mon offre entreprise Cancer &amp; Travail : S\u00e9curisez vos managers et vos \u00e9quipes Qu&rsquo;il s&rsquo;agisse d&rsquo;un maintien en poste ou [&hellip;]","_links":{"self":[{"href":"https:\/\/www.conseil100t.fr\/index.php?rest_route=\/wp\/v2\/pages\/154","targetHints":{"allow":["GET"]}}],"collection":[{"href":"https:\/\/www.conseil100t.fr\/index.php?rest_route=\/wp\/v2\/pages"}],"about":[{"href":"https:\/\/www.conseil100t.fr\/index.php?rest_route=\/wp\/v2\/types\/page"}],"author":[{"embeddable":true,"href":"https:\/\/www.conseil100t.fr\/index.php?rest_route=\/wp\/v2\/users\/1"}],"replies":[{"embeddable":true,"href":"https:\/\/www.conseil100t.fr\/index.php?rest_route=%2Fwp%2Fv2%2Fcomments&post=154"}],"version-history":[{"count":17,"href":"https:\/\/www.conseil100t.fr\/index.php?rest_route=\/wp\/v2\/pages\/154\/revisions"}],"predecessor-version":[{"id":332,"href":"https:\/\/www.conseil100t.fr\/index.php?rest_route=\/wp\/v2\/pages\/154\/revisions\/332"}],"wp:attachment":[{"href":"https:\/\/www.conseil100t.fr\/index.php?rest_route=%2Fwp%2Fv2%2Fmedia&parent=154"}],"curies":[{"name":"wp","href":"https:\/\/api.w.org\/{rel}","templated":true}]}}