{"id":309,"date":"2026-02-13T10:48:25","date_gmt":"2026-02-13T10:48:25","guid":{"rendered":"https:\/\/www.conseil100t.fr\/?page_id=309"},"modified":"2026-02-13T11:01:15","modified_gmt":"2026-02-13T11:01:15","slug":"contact","status":"publish","type":"page","link":"https:\/\/www.conseil100t.fr\/?page_id=309","title":{"rendered":"Contact"},"content":{"rendered":"\n<p><\/p>\n\n\n\n<h2 class=\"wp-block-heading has-ast-global-color-4-color has-midnight-gradient-background has-text-color has-background has-link-color wp-elements-00040fb68cc1110be2f5ee1b484da659\"><br>CONTACT<\/h2>\n\n\n\n<p class=\"has-medium-font-size\">Discutons de vos enjeux RH et Management<\/p>\n\n\n\n<ul class=\"wp-block-list\">\n<li>Vous souhaitez outiller vos managers, s\u00e9curiser les parcours de vos collaborateurs concern\u00e9s par la maladie, ou organiser une conf\u00e9rence inspirante ?<\/li>\n\n\n\n<li>\ud83d\udcde <strong>07 60 49 01 72<\/strong> <br>\ud83d\udce7 <a href=\"contact@conseil100t.fr\" type=\"link\" id=\"contact@conseil100t.fr\">contact@conseil100t.fr<\/a><br>\ud83d\udccd Bas\u00e9e \u00e0 M\u00e9rignac (Nouvelle-Aquitaine) \u2013 Interventions France enti\u00e8re &amp; Visio<\/li>\n\n\n\n<li><em>Ou utilisez le formulaire ci-dessous, je vous recontacterai sous 48h.<\/em><\/li>\n<\/ul>\n\n\n\n<div class=\"wp-block-uagb-forms uagb-forms__outer-wrap uagb-block-27004a5b uagb-forms__medium-btn\"><form class=\"uagb-forms-main-form\" method=\"post\" autocomplete=\"on\" name=\"uagb-form-27004a5b\">\n<div class=\"wp-block-uagb-forms-name uagb-forms-name-wrap uagb-forms-field-set uagb-block-f1a3df08\"><div class=\"uagb-forms-name-label required uagb-forms-input-label\" id=\"f1a3df08\">Pr\u00e9nom<\/div><input type=\"text\" placeholder=\"John\" required class=\"uagb-forms-name-input uagb-forms-input\" name=\"f1a3df08\" autocomplete=\"given-name\"\/><\/div>\n\n\n\n<div class=\"wp-block-uagb-forms-name uagb-forms-name-wrap uagb-forms-field-set uagb-block-15ce282e\"><div class=\"uagb-forms-name-label required uagb-forms-input-label\" id=\"15ce282e\">Nom<\/div><input type=\"text\" placeholder=\"Doe\" required class=\"uagb-forms-name-input uagb-forms-input\" name=\"15ce282e\" autocomplete=\"family-name\"\/><\/div>\n\n\n\n<div class=\"wp-block-uagb-forms-email uagb-forms-email-wrap uagb-forms-field-set uagb-block-cb3d7560\"><div class=\"uagb-forms-email-label  uagb-forms-input-label\" id=\"cb3d7560\">Email<\/div><input type=\"email\" class=\"uagb-forms-email-input uagb-forms-input\" placeholder=\"example@mail.com\" name=\"cb3d7560\" autocomplete=\"email\"\/><\/div>\n\n\n\n<div class=\"wp-block-uagb-forms-textarea uagb-forms-textarea-wrap uagb-forms-field-set uagb-block-0e1f0534\"><div class=\"uagb-forms-textarea-label required uagb-forms-input-label\" id=\"0e1f0534\">Message<\/div><textarea required class=\"uagb-forms-textarea-input uagb-forms-input\" rows=\"4\" placeholder=\"Enter your message\" name=\"0e1f0534\" autocomplete=\"off\"><\/textarea><\/div>\n<div class=\"uagb-forms-form-hidden-data\"><input type=\"hidden\" class=\"uagb_forms_form_label\" value=\"Spectra Form\"\/><input type=\"hidden\" class=\"uagb_forms_form_id\" value=\"uagb-form-27004a5b\"\/><\/div><div class=\"uagb-form-reacaptcha-error-27004a5b\"><\/div><div class=\"uagb-forms-main-submit-button-wrap wp-block-button\"><button class=\"uagb-forms-main-submit-button wp-block-button__link\"><div class=\"uagb-forms-main-submit-button-text\">Envoyez<\/div><\/button><\/div><\/form><div class=\"uagb-forms-success-message-27004a5b uagb-forms-submit-message-hide\"><span>The form has been submitted successfully!<\/span><\/div><div class=\"uagb-forms-failed-message-27004a5b uagb-forms-submit-message-hide\"><span>There has been some error while submitting the form. Please verify all form fields again.<\/span><\/div><\/div>\n\n\n\n<p><\/p>\n","protected":false},"excerpt":{"rendered":"<p>CONTACT Discutons de vos enjeux RH et Management<\/p>\n","protected":false},"author":1,"featured_media":0,"parent":0,"menu_order":0,"comment_status":"closed","ping_status":"closed","template":"","meta":{"_uag_custom_page_level_css":"","site-sidebar-layout":"default","site-content-layout":"","ast-site-content-layout":"default","site-content-style":"default","site-sidebar-style":"default","ast-global-header-display":"","ast-banner-title-visibility":"","ast-main-header-display":"","ast-hfb-above-header-display":"","ast-hfb-below-header-display":"","ast-hfb-mobile-header-display":"","site-post-title":"","ast-breadcrumbs-content":"","ast-featured-img":"","footer-sml-layout":"","ast-disable-related-posts":"","theme-transparent-header-meta":"","adv-header-id-meta":"","stick-header-meta":"","header-above-stick-meta":"","header-main-stick-meta":"","header-below-stick-meta":"","astra-migrate-meta-layouts":"default","ast-page-background-enabled":"default","ast-page-background-meta":{"desktop":{"background-color":"var(--ast-global-color-5)","background-image":"","background-repeat":"repeat","background-position":"center center","background-size":"auto","background-attachment":"scroll","background-type":"","background-media":"","overlay-type":"","overlay-color":"","overlay-opacity":"","overlay-gradient":""},"tablet":{"background-color":"","background-image":"","background-repeat":"repeat","background-position":"center center","background-size":"auto","background-attachment":"scroll","background-type":"","background-media":"","overlay-type":"","overlay-color":"","overlay-opacity":"","overlay-gradient":""},"mobile":{"background-color":"","background-image":"","background-repeat":"repeat","background-position":"center center","background-size":"auto","background-attachment":"scroll","background-type":"","background-media":"","overlay-type":"","overlay-color":"","overlay-opacity":"","overlay-gradient":""}},"ast-content-background-meta":{"desktop":{"background-color":"var(--ast-global-color-4)","background-image":"","background-repeat":"repeat","background-position":"center center","background-size":"auto","background-attachment":"scroll","background-type":"","background-media":"","overlay-type":"","overlay-color":"","overlay-opacity":"","overlay-gradient":""},"tablet":{"background-color":"var(--ast-global-color-4)","background-image":"","background-repeat":"repeat","background-position":"center center","background-size":"auto","background-attachment":"scroll","background-type":"","background-media":"","overlay-type":"","overlay-color":"","overlay-opacity":"","overlay-gradient":""},"mobile":{"background-color":"var(--ast-global-color-4)","background-image":"","background-repeat":"repeat","background-position":"center center","background-size":"auto","background-attachment":"scroll","background-type":"","background-media":"","overlay-type":"","overlay-color":"","overlay-opacity":"","overlay-gradient":""}},"footnotes":""},"class_list":["post-309","page","type-page","status-publish","hentry"],"yoast_head":"<!-- This site is optimized with the Yoast SEO plugin v26.9 - https:\/\/yoast.com\/product\/yoast-seo-wordpress\/ -->\n<title>Contact - Conseil100T<\/title>\n<meta name=\"robots\" content=\"index, follow, max-snippet:-1, max-image-preview:large, max-video-preview:-1\" \/>\n<link rel=\"canonical\" href=\"https:\/\/www.conseil100t.fr\/?page_id=309\" \/>\n<meta property=\"og:locale\" content=\"fr_FR\" \/>\n<meta property=\"og:type\" content=\"article\" \/>\n<meta property=\"og:title\" content=\"Contact - Conseil100T\" \/>\n<meta property=\"og:description\" content=\"CONTACT Discutons de vos enjeux RH et Management\" \/>\n<meta property=\"og:url\" content=\"https:\/\/www.conseil100t.fr\/?page_id=309\" \/>\n<meta property=\"og:site_name\" content=\"Conseil100T\" \/>\n<meta property=\"article:modified_time\" content=\"2026-02-13T11:01:15+00:00\" \/>\n<meta name=\"twitter:card\" content=\"summary_large_image\" \/>\n<meta name=\"twitter:label1\" content=\"Dur\u00e9e de lecture estim\u00e9e\" \/>\n\t<meta name=\"twitter:data1\" content=\"1 minute\" \/>\n<script type=\"application\/ld+json\" class=\"yoast-schema-graph\">{\"@context\":\"https:\/\/schema.org\",\"@graph\":[{\"@type\":\"WebPage\",\"@id\":\"https:\/\/www.conseil100t.fr\/?page_id=309\",\"url\":\"https:\/\/www.conseil100t.fr\/?page_id=309\",\"name\":\"Contact - Conseil100T\",\"isPartOf\":{\"@id\":\"http:\/\/www.conseil100t.fr\/#website\"},\"datePublished\":\"2026-02-13T10:48:25+00:00\",\"dateModified\":\"2026-02-13T11:01:15+00:00\",\"breadcrumb\":{\"@id\":\"https:\/\/www.conseil100t.fr\/?page_id=309#breadcrumb\"},\"inLanguage\":\"fr-FR\",\"potentialAction\":[{\"@type\":\"ReadAction\",\"target\":[\"https:\/\/www.conseil100t.fr\/?page_id=309\"]}]},{\"@type\":\"BreadcrumbList\",\"@id\":\"https:\/\/www.conseil100t.fr\/?page_id=309#breadcrumb\",\"itemListElement\":[{\"@type\":\"ListItem\",\"position\":1,\"name\":\"Accueil\",\"item\":\"http:\/\/www.conseil100t.fr\/\"},{\"@type\":\"ListItem\",\"position\":2,\"name\":\"Contact\"}]},{\"@type\":\"WebSite\",\"@id\":\"http:\/\/www.conseil100t.fr\/#website\",\"url\":\"http:\/\/www.conseil100t.fr\/\",\"name\":\"Conseil100T\",\"description\":\"R\u00e9v\u00e9lez le potentiel humain de votre entreprise !\",\"publisher\":{\"@id\":\"http:\/\/www.conseil100t.fr\/#organization\"},\"potentialAction\":[{\"@type\":\"SearchAction\",\"target\":{\"@type\":\"EntryPoint\",\"urlTemplate\":\"http:\/\/www.conseil100t.fr\/?s={search_term_string}\"},\"query-input\":{\"@type\":\"PropertyValueSpecification\",\"valueRequired\":true,\"valueName\":\"search_term_string\"}}],\"inLanguage\":\"fr-FR\"},{\"@type\":\"Organization\",\"@id\":\"http:\/\/www.conseil100t.fr\/#organization\",\"name\":\"Conseil100T\",\"url\":\"http:\/\/www.conseil100t.fr\/\",\"logo\":{\"@type\":\"ImageObject\",\"inLanguage\":\"fr-FR\",\"@id\":\"http:\/\/www.conseil100t.fr\/#\/schema\/logo\/image\/\",\"url\":\"https:\/\/www.conseil100t.fr\/wp-content\/uploads\/2026\/02\/cropped-logo-1.png\",\"contentUrl\":\"https:\/\/www.conseil100t.fr\/wp-content\/uploads\/2026\/02\/cropped-logo-1.png\",\"width\":311,\"height\":83,\"caption\":\"Conseil100T\"},\"image\":{\"@id\":\"http:\/\/www.conseil100t.fr\/#\/schema\/logo\/image\/\"}}]}<\/script>\n<!-- \/ Yoast SEO plugin. -->","yoast_head_json":{"title":"Contact - Conseil100T","robots":{"index":"index","follow":"follow","max-snippet":"max-snippet:-1","max-image-preview":"max-image-preview:large","max-video-preview":"max-video-preview:-1"},"canonical":"https:\/\/www.conseil100t.fr\/?page_id=309","og_locale":"fr_FR","og_type":"article","og_title":"Contact - Conseil100T","og_description":"CONTACT Discutons de vos enjeux RH et Management","og_url":"https:\/\/www.conseil100t.fr\/?page_id=309","og_site_name":"Conseil100T","article_modified_time":"2026-02-13T11:01:15+00:00","twitter_card":"summary_large_image","twitter_misc":{"Dur\u00e9e de lecture estim\u00e9e":"1 minute"},"schema":{"@context":"https:\/\/schema.org","@graph":[{"@type":"WebPage","@id":"https:\/\/www.conseil100t.fr\/?page_id=309","url":"https:\/\/www.conseil100t.fr\/?page_id=309","name":"Contact - Conseil100T","isPartOf":{"@id":"http:\/\/www.conseil100t.fr\/#website"},"datePublished":"2026-02-13T10:48:25+00:00","dateModified":"2026-02-13T11:01:15+00:00","breadcrumb":{"@id":"https:\/\/www.conseil100t.fr\/?page_id=309#breadcrumb"},"inLanguage":"fr-FR","potentialAction":[{"@type":"ReadAction","target":["https:\/\/www.conseil100t.fr\/?page_id=309"]}]},{"@type":"BreadcrumbList","@id":"https:\/\/www.conseil100t.fr\/?page_id=309#breadcrumb","itemListElement":[{"@type":"ListItem","position":1,"name":"Accueil","item":"http:\/\/www.conseil100t.fr\/"},{"@type":"ListItem","position":2,"name":"Contact"}]},{"@type":"WebSite","@id":"http:\/\/www.conseil100t.fr\/#website","url":"http:\/\/www.conseil100t.fr\/","name":"Conseil100T","description":"R\u00e9v\u00e9lez le potentiel humain de votre entreprise !","publisher":{"@id":"http:\/\/www.conseil100t.fr\/#organization"},"potentialAction":[{"@type":"SearchAction","target":{"@type":"EntryPoint","urlTemplate":"http:\/\/www.conseil100t.fr\/?s={search_term_string}"},"query-input":{"@type":"PropertyValueSpecification","valueRequired":true,"valueName":"search_term_string"}}],"inLanguage":"fr-FR"},{"@type":"Organization","@id":"http:\/\/www.conseil100t.fr\/#organization","name":"Conseil100T","url":"http:\/\/www.conseil100t.fr\/","logo":{"@type":"ImageObject","inLanguage":"fr-FR","@id":"http:\/\/www.conseil100t.fr\/#\/schema\/logo\/image\/","url":"https:\/\/www.conseil100t.fr\/wp-content\/uploads\/2026\/02\/cropped-logo-1.png","contentUrl":"https:\/\/www.conseil100t.fr\/wp-content\/uploads\/2026\/02\/cropped-logo-1.png","width":311,"height":83,"caption":"Conseil100T"},"image":{"@id":"http:\/\/www.conseil100t.fr\/#\/schema\/logo\/image\/"}}]}},"uagb_featured_image_src":{"full":false,"thumbnail":false,"medium":false,"medium_large":false,"large":false,"1536x1536":false,"2048x2048":false},"uagb_author_info":{"display_name":"conseicontact","author_link":"https:\/\/www.conseil100t.fr\/?author=1"},"uagb_comment_info":0,"uagb_excerpt":"CONTACT Discutons de vos enjeux RH et Management","_links":{"self":[{"href":"https:\/\/www.conseil100t.fr\/index.php?rest_route=\/wp\/v2\/pages\/309","targetHints":{"allow":["GET"]}}],"collection":[{"href":"https:\/\/www.conseil100t.fr\/index.php?rest_route=\/wp\/v2\/pages"}],"about":[{"href":"https:\/\/www.conseil100t.fr\/index.php?rest_route=\/wp\/v2\/types\/page"}],"author":[{"embeddable":true,"href":"https:\/\/www.conseil100t.fr\/index.php?rest_route=\/wp\/v2\/users\/1"}],"replies":[{"embeddable":true,"href":"https:\/\/www.conseil100t.fr\/index.php?rest_route=%2Fwp%2Fv2%2Fcomments&post=309"}],"version-history":[{"count":2,"href":"https:\/\/www.conseil100t.fr\/index.php?rest_route=\/wp\/v2\/pages\/309\/revisions"}],"predecessor-version":[{"id":312,"href":"https:\/\/www.conseil100t.fr\/index.php?rest_route=\/wp\/v2\/pages\/309\/revisions\/312"}],"wp:attachment":[{"href":"https:\/\/www.conseil100t.fr\/index.php?rest_route=%2Fwp%2Fv2%2Fmedia&parent=309"}],"curies":[{"name":"wp","href":"https:\/\/api.w.org\/{rel}","templated":true}]}}